{"id":422,"date":"2017-05-22T20:23:13","date_gmt":"2017-05-22T19:23:13","guid":{"rendered":"http:\/\/www.juliawolfermann.com.php56-17.dfw3-1.websitetestlink.com\/?page_id=422"},"modified":"2018-04-12T09:33:08","modified_gmt":"2018-04-12T08:33:08","slug":"goddess-waves","status":"publish","type":"page","link":"https:\/\/www.juliawolfermann.com\/fr\/teacher\/goddess-waves\/","title":{"rendered":"Goddess Waves"},"content":{"rendered":"<p><a href=\"http:\/\/www.juliawolfermann.com.php56-17.dfw3-1.websitetestlink.com\/wp-content\/uploads\/2017\/05\/Goddess_Waves_Flyer_Front_Web.jpg\" rel=\"lightbox[422]\"><img loading=\"lazy\" decoding=\"async\" src=\"http:\/\/www.juliawolfermann.com.php56-17.dfw3-1.websitetestlink.com\/wp-content\/uploads\/2017\/05\/Goddess_Waves_Flyer_Front_Web.jpg\" alt=\"\" width=\"300\" height=\"200\" class=\"alignleft size-medium wp-image-428\" srcset=\"https:\/\/www.juliawolfermann.com\/wp-content\/uploads\/2017\/05\/Goddess_Waves_Flyer_Front_Web.jpg 902w, https:\/\/www.juliawolfermann.com\/wp-content\/uploads\/2017\/05\/Goddess_Waves_Flyer_Front_Web-300x200.jpg 300w, https:\/\/www.juliawolfermann.com\/wp-content\/uploads\/2017\/05\/Goddess_Waves_Flyer_Front_Web-768x513.jpg 768w, https:\/\/www.juliawolfermann.com\/wp-content\/uploads\/2017\/05\/Goddess_Waves_Flyer_Front_Web-378x252.jpg 378w\" sizes=\"auto, (max-width: 300px) 100vw, 300px\" \/><\/a>Nous dansons pour survivre, et le rythme offre une route de briques jaunes pour traverser le chaos qui est le tempo de notre \u00e9poque. Nous dansons pour enlever les peaux, arracher les masques, d\u00e9mouler les moules et faire l\u2019exp\u00e9rience de la rupture des fronti\u00e8res entre le corps, le c\u0153ur et l\u2019esprit, entre les genres et les g\u00e9n\u00e9rations, entre les nations et les nomades.  Nous sommes une g\u00e9n\u00e9ration de transition. C\u2019est notre danse.\u201d <strong>Gabrielle Roth<\/strong><\/p>\n<p>Les vagues de la d\u00e9esse consistent en une m\u00e9ditation de mouvement de 5Rythmes, cr\u00e9\u00e9s pour soutenir le processus de reconnexion avec la femme sage qui est en nous, nos forces f\u00e9minines. Nous mettrons l\u2019accent sur la d\u00e9esse qui est en chacun de nous, afin que lorsque nous retournons dans le monde du yin et du yang, nous ressentions un sentiment  sain d\u2019autonomisation et incarnions naturellement plus de g\u00e9n\u00e9rosit\u00e9, de pr\u00e9sence et d\u2019aisance. La nature f\u00e9minine est enracin\u00e9e dans le pouvoir collectif \u2013 nous avons pass\u00e9 trop de si\u00e8cles en comp\u00e9tition contre les autres. Cette offre de 5Rythms cherche ainsi \u00e0 r\u00e9unir le <strong>\u00abMoi\u00bb<\/strong> et le <strong>\u00abNous\u00bb<\/strong>. <\/p>","protected":false},"excerpt":{"rendered":"<p>Nous dansons pour survivre, et le rythme offre une route de briques jaunes pour traverser le chaos qui est le tempo de notre \u00e9poque. Nous dansons pour enlever les peaux, arracher les masques, d\u00e9mouler les moules et faire l\u2019exp\u00e9rience de la rupture des fronti\u00e8res entre le corps, le c\u0153ur et l\u2019esprit, entre les genres et [&hellip;]<\/p>\n","protected":false},"author":2,"featured_media":428,"parent":233,"menu_order":0,"comment_status":"closed","ping_status":"closed","template":"","meta":{"footnotes":""},"class_list":["post-422","page","type-page","status-publish","has-post-thumbnail","hentry"],"_links":{"self":[{"href":"https:\/\/www.juliawolfermann.com\/fr\/wp-json\/wp\/v2\/pages\/422","targetHints":{"allow":["GET"]}}],"collection":[{"href":"https:\/\/www.juliawolfermann.com\/fr\/wp-json\/wp\/v2\/pages"}],"about":[{"href":"https:\/\/www.juliawolfermann.com\/fr\/wp-json\/wp\/v2\/types\/page"}],"author":[{"embeddable":true,"href":"https:\/\/www.juliawolfermann.com\/fr\/wp-json\/wp\/v2\/users\/2"}],"replies":[{"embeddable":true,"href":"https:\/\/www.juliawolfermann.com\/fr\/wp-json\/wp\/v2\/comments?post=422"}],"version-history":[{"count":10,"href":"https:\/\/www.juliawolfermann.com\/fr\/wp-json\/wp\/v2\/pages\/422\/revisions"}],"predecessor-version":[{"id":624,"href":"https:\/\/www.juliawolfermann.com\/fr\/wp-json\/wp\/v2\/pages\/422\/revisions\/624"}],"up":[{"embeddable":true,"href":"https:\/\/www.juliawolfermann.com\/fr\/wp-json\/wp\/v2\/pages\/233"}],"wp:featuredmedia":[{"embeddable":true,"href":"https:\/\/www.juliawolfermann.com\/fr\/wp-json\/wp\/v2\/media\/428"}],"wp:attachment":[{"href":"https:\/\/www.juliawolfermann.com\/fr\/wp-json\/wp\/v2\/media?parent=422"}],"curies":[{"name":"wp","href":"https:\/\/api.w.org\/{rel}","templated":true}]}}