{"id":420,"date":"2017-05-22T20:22:54","date_gmt":"2017-05-22T19:22:54","guid":{"rendered":"http:\/\/www.juliawolfermann.com.php56-17.dfw3-1.websitetestlink.com\/?page_id=420"},"modified":"2018-04-12T09:31:44","modified_gmt":"2018-04-12T08:31:44","slug":"gate-waves","status":"publish","type":"page","link":"https:\/\/www.juliawolfermann.com\/fr\/teacher\/gate-waves\/","title":{"rendered":"Gate Waves"},"content":{"rendered":"<p><a href=\"http:\/\/www.juliawolfermann.com.php56-17.dfw3-1.websitetestlink.com\/wp-content\/uploads\/2017\/05\/Gate_Waves_Only-tender.jpg\" rel=\"lightbox[420]\"><img loading=\"lazy\" decoding=\"async\" src=\"http:\/\/www.juliawolfermann.com.php56-17.dfw3-1.websitetestlink.com\/wp-content\/uploads\/2017\/05\/Gate_Waves_Only-tender.jpg\" alt=\"\" width=\"300\" height=\"194\" class=\"alignleft size-medium wp-image-433\" srcset=\"https:\/\/www.juliawolfermann.com\/wp-content\/uploads\/2017\/05\/Gate_Waves_Only-tender.jpg 465w, https:\/\/www.juliawolfermann.com\/wp-content\/uploads\/2017\/05\/Gate_Waves_Only-tender-300x194.jpg 300w, https:\/\/www.juliawolfermann.com\/wp-content\/uploads\/2017\/05\/Gate_Waves_Only-tender-378x244.jpg 378w\" sizes=\"auto, (max-width: 300px) 100vw, 300px\" \/><\/a>\u00abL\u2019esprit en mouvement gu\u00e9rit, \u00e9largit, entoure l\u2019int\u00e9rieur et l\u2019ext\u00e9rieur du corps, se d\u00e9pla\u00e7ant \u00e0 travers les couches de la conscience de l\u2019inertie \u00e0 l\u2019extase. Ouvrez-vous \u00e0 l\u2019esprit, et vous serez transform\u00e9s. \u00bb.<br \/>\n<strong>Gabrielle Roth<\/strong><\/p>\n<p>Par la pratique du mouvement intuitif et de l\u2019abandon aux 5 Rythmes de Fluide, Staccato, Chaos, Lyrique et Calme, nous ouvrons les portes \u00e0 nos \u00e2mes, \u00e0 notre inspiration et notre conscience sup\u00e9rieure. Les vagues de la porte vous invitent \u00e0 d\u00e9verrouiller les tr\u00e9sors cach\u00e9s de votre essence divine et \u00e0 chercher avec fluidit\u00e9, \u00e0 int\u00e9grer le corps, l\u2019esprit et l\u2019\u00e2me en un seul \u00eatre humain vivant, respirant, pensant, aimant et dansant. Un cours du soir de 5Rythmes avec les \u00e9l\u00e9ments d\u2019enseignements de base. <\/p>","protected":false},"excerpt":{"rendered":"<p>\u00abL\u2019esprit en mouvement gu\u00e9rit, \u00e9largit, entoure l\u2019int\u00e9rieur et l\u2019ext\u00e9rieur du corps, se d\u00e9pla\u00e7ant \u00e0 travers les couches de la conscience de l\u2019inertie \u00e0 l\u2019extase. Ouvrez-vous \u00e0 l\u2019esprit, et vous serez transform\u00e9s. \u00bb. Gabrielle Roth Par la pratique du mouvement intuitif et de l\u2019abandon aux 5 Rythmes de Fluide, Staccato, Chaos, Lyrique et Calme, nous ouvrons [&hellip;]<\/p>\n","protected":false},"author":2,"featured_media":433,"parent":233,"menu_order":0,"comment_status":"closed","ping_status":"closed","template":"","meta":{"footnotes":""},"class_list":["post-420","page","type-page","status-publish","has-post-thumbnail","hentry"],"_links":{"self":[{"href":"https:\/\/www.juliawolfermann.com\/fr\/wp-json\/wp\/v2\/pages\/420","targetHints":{"allow":["GET"]}}],"collection":[{"href":"https:\/\/www.juliawolfermann.com\/fr\/wp-json\/wp\/v2\/pages"}],"about":[{"href":"https:\/\/www.juliawolfermann.com\/fr\/wp-json\/wp\/v2\/types\/page"}],"author":[{"embeddable":true,"href":"https:\/\/www.juliawolfermann.com\/fr\/wp-json\/wp\/v2\/users\/2"}],"replies":[{"embeddable":true,"href":"https:\/\/www.juliawolfermann.com\/fr\/wp-json\/wp\/v2\/comments?post=420"}],"version-history":[{"count":8,"href":"https:\/\/www.juliawolfermann.com\/fr\/wp-json\/wp\/v2\/pages\/420\/revisions"}],"predecessor-version":[{"id":623,"href":"https:\/\/www.juliawolfermann.com\/fr\/wp-json\/wp\/v2\/pages\/420\/revisions\/623"}],"up":[{"embeddable":true,"href":"https:\/\/www.juliawolfermann.com\/fr\/wp-json\/wp\/v2\/pages\/233"}],"wp:featuredmedia":[{"embeddable":true,"href":"https:\/\/www.juliawolfermann.com\/fr\/wp-json\/wp\/v2\/media\/433"}],"wp:attachment":[{"href":"https:\/\/www.juliawolfermann.com\/fr\/wp-json\/wp\/v2\/media?parent=420"}],"curies":[{"name":"wp","href":"https:\/\/api.w.org\/{rel}","templated":true}]}}