{"id":418,"date":"2017-05-22T20:22:33","date_gmt":"2017-05-22T19:22:33","guid":{"rendered":"http:\/\/www.juliawolfermann.com.php56-17.dfw3-1.websitetestlink.com\/?page_id=418"},"modified":"2018-04-24T17:56:07","modified_gmt":"2018-04-24T16:56:07","slug":"evolutionary-evenings","status":"publish","type":"page","link":"https:\/\/www.juliawolfermann.com\/fr\/teacher\/evolutionary-evenings\/","title":{"rendered":"Evolutionary Evenings"},"content":{"rendered":"<p><a href=\"http:\/\/www.juliawolfermann.com.php56-17.dfw3-1.websitetestlink.com\/wp-content\/uploads\/2017\/04\/Untitled-1-1.jpg\" rel=\"lightbox[418]\"><img loading=\"lazy\" decoding=\"async\" src=\"http:\/\/www.juliawolfermann.com.php56-17.dfw3-1.websitetestlink.com\/wp-content\/uploads\/2017\/04\/Untitled-1-1.jpg\" alt=\"\" width=\"300\" height=\"144\" class=\"alignleft size-medium wp-image-366\" srcset=\"https:\/\/www.juliawolfermann.com\/wp-content\/uploads\/2017\/04\/Untitled-1-1.jpg 940w, https:\/\/www.juliawolfermann.com\/wp-content\/uploads\/2017\/04\/Untitled-1-1-300x144.jpg 300w, https:\/\/www.juliawolfermann.com\/wp-content\/uploads\/2017\/04\/Untitled-1-1-768x368.jpg 768w, https:\/\/www.juliawolfermann.com\/wp-content\/uploads\/2017\/04\/Untitled-1-1-378x181.jpg 378w\" sizes=\"auto, (max-width: 300px) 100vw, 300px\" \/><\/a>Une soir\u00e9e exp\u00e9rimentale vous attend, ancr\u00e9e dans les racines des 5 rythmes, invitant diff\u00e9rents artistes \u00e0 th\u00e8mes et des artistes invit\u00e9s. Cette soir\u00e9e c\u00e9l\u00e8bre la vie dans toutes ses forces cr\u00e9atives unies \u2013 la danse.<br \/>\n<\/p>","protected":false},"excerpt":{"rendered":"<p>Une soir\u00e9e exp\u00e9rimentale vous attend, ancr\u00e9e dans les racines des 5 rythmes, invitant diff\u00e9rents artistes \u00e0 th\u00e8mes et des artistes invit\u00e9s. Cette soir\u00e9e c\u00e9l\u00e8bre la vie dans toutes ses forces cr\u00e9atives unies \u2013 la danse.<\/p>\n","protected":false},"author":2,"featured_media":645,"parent":233,"menu_order":0,"comment_status":"closed","ping_status":"closed","template":"","meta":{"footnotes":""},"class_list":["post-418","page","type-page","status-publish","has-post-thumbnail","hentry"],"_links":{"self":[{"href":"https:\/\/www.juliawolfermann.com\/fr\/wp-json\/wp\/v2\/pages\/418","targetHints":{"allow":["GET"]}}],"collection":[{"href":"https:\/\/www.juliawolfermann.com\/fr\/wp-json\/wp\/v2\/pages"}],"about":[{"href":"https:\/\/www.juliawolfermann.com\/fr\/wp-json\/wp\/v2\/types\/page"}],"author":[{"embeddable":true,"href":"https:\/\/www.juliawolfermann.com\/fr\/wp-json\/wp\/v2\/users\/2"}],"replies":[{"embeddable":true,"href":"https:\/\/www.juliawolfermann.com\/fr\/wp-json\/wp\/v2\/comments?post=418"}],"version-history":[{"count":10,"href":"https:\/\/www.juliawolfermann.com\/fr\/wp-json\/wp\/v2\/pages\/418\/revisions"}],"predecessor-version":[{"id":646,"href":"https:\/\/www.juliawolfermann.com\/fr\/wp-json\/wp\/v2\/pages\/418\/revisions\/646"}],"up":[{"embeddable":true,"href":"https:\/\/www.juliawolfermann.com\/fr\/wp-json\/wp\/v2\/pages\/233"}],"wp:featuredmedia":[{"embeddable":true,"href":"https:\/\/www.juliawolfermann.com\/fr\/wp-json\/wp\/v2\/media\/645"}],"wp:attachment":[{"href":"https:\/\/www.juliawolfermann.com\/fr\/wp-json\/wp\/v2\/media?parent=418"}],"curies":[{"name":"wp","href":"https:\/\/api.w.org\/{rel}","templated":true}]}}