{"id":416,"date":"2017-05-22T20:21:48","date_gmt":"2017-05-22T19:21:48","guid":{"rendered":"http:\/\/www.juliawolfermann.com.php56-17.dfw3-1.websitetestlink.com\/?page_id=416"},"modified":"2018-04-12T09:34:01","modified_gmt":"2018-04-12T08:34:01","slug":"magical-mornings","status":"publish","type":"page","link":"https:\/\/www.juliawolfermann.com\/fr\/teacher\/magical-mornings\/","title":{"rendered":"Magical Mornings"},"content":{"rendered":"<p><a href=\"http:\/\/www.juliawolfermann.com.php56-17.dfw3-1.websitetestlink.com\/wp-content\/uploads\/2017\/05\/Magical_Mornings_5Rhythms.jpg\" rel=\"lightbox[416]\"><img loading=\"lazy\" decoding=\"async\" src=\"http:\/\/www.juliawolfermann.com.php56-17.dfw3-1.websitetestlink.com\/wp-content\/uploads\/2017\/05\/Magical_Mornings_5Rhythms.jpg\" alt=\"\" width=\"300\" height=\"200\" class=\"alignleft size-medium wp-image-429\" srcset=\"https:\/\/www.juliawolfermann.com\/wp-content\/uploads\/2017\/05\/Magical_Mornings_5Rhythms.jpg 1950w, https:\/\/www.juliawolfermann.com\/wp-content\/uploads\/2017\/05\/Magical_Mornings_5Rhythms-300x200.jpg 300w, https:\/\/www.juliawolfermann.com\/wp-content\/uploads\/2017\/05\/Magical_Mornings_5Rhythms-768x512.jpg 768w, https:\/\/www.juliawolfermann.com\/wp-content\/uploads\/2017\/05\/Magical_Mornings_5Rhythms-1024x683.jpg 1024w, https:\/\/www.juliawolfermann.com\/wp-content\/uploads\/2017\/05\/Magical_Mornings_5Rhythms-378x252.jpg 378w\" sizes=\"auto, (max-width: 300px) 100vw, 300px\" \/><\/a>Ancr\u00e9es dans les principes de la sueur de vos pri\u00e8res, les matin\u00e9es magiques consistent en un espace de m\u00e9ditation en mouvement qui permet au participant d\u2019explorer les diff\u00e9rentes \u00e9nergies des 5Rythmes, avec un minimum d\u2019orientation. <\/p>","protected":false},"excerpt":{"rendered":"<p>Ancr\u00e9es dans les principes de la sueur de vos pri\u00e8res, les matin\u00e9es magiques consistent en un espace de m\u00e9ditation en mouvement qui permet au participant d\u2019explorer les diff\u00e9rentes \u00e9nergies des 5Rythmes, avec un minimum d\u2019orientation.<\/p>\n","protected":false},"author":2,"featured_media":429,"parent":233,"menu_order":0,"comment_status":"closed","ping_status":"closed","template":"","meta":{"footnotes":""},"class_list":["post-416","page","type-page","status-publish","has-post-thumbnail","hentry"],"_links":{"self":[{"href":"https:\/\/www.juliawolfermann.com\/fr\/wp-json\/wp\/v2\/pages\/416","targetHints":{"allow":["GET"]}}],"collection":[{"href":"https:\/\/www.juliawolfermann.com\/fr\/wp-json\/wp\/v2\/pages"}],"about":[{"href":"https:\/\/www.juliawolfermann.com\/fr\/wp-json\/wp\/v2\/types\/page"}],"author":[{"embeddable":true,"href":"https:\/\/www.juliawolfermann.com\/fr\/wp-json\/wp\/v2\/users\/2"}],"replies":[{"embeddable":true,"href":"https:\/\/www.juliawolfermann.com\/fr\/wp-json\/wp\/v2\/comments?post=416"}],"version-history":[{"count":7,"href":"https:\/\/www.juliawolfermann.com\/fr\/wp-json\/wp\/v2\/pages\/416\/revisions"}],"predecessor-version":[{"id":625,"href":"https:\/\/www.juliawolfermann.com\/fr\/wp-json\/wp\/v2\/pages\/416\/revisions\/625"}],"up":[{"embeddable":true,"href":"https:\/\/www.juliawolfermann.com\/fr\/wp-json\/wp\/v2\/pages\/233"}],"wp:featuredmedia":[{"embeddable":true,"href":"https:\/\/www.juliawolfermann.com\/fr\/wp-json\/wp\/v2\/media\/429"}],"wp:attachment":[{"href":"https:\/\/www.juliawolfermann.com\/fr\/wp-json\/wp\/v2\/media?parent=416"}],"curies":[{"name":"wp","href":"https:\/\/api.w.org\/{rel}","templated":true}]}}