{"id":406,"date":"2017-05-22T19:17:28","date_gmt":"2017-05-22T18:17:28","guid":{"rendered":"http:\/\/www.juliawolfermann.com.php56-17.dfw3-1.websitetestlink.com\/?page_id=406"},"modified":"2018-07-22T12:00:23","modified_gmt":"2018-07-22T11:00:23","slug":"5rhythms","status":"publish","type":"page","link":"https:\/\/www.juliawolfermann.com\/fr\/teacher\/5rhythms\/","title":{"rendered":"5Rhythms"},"content":{"rendered":"<p><\/p>\n<div style=\"overflow:hidden;\">\n<a href=\"http:\/\/www.juliawolfermann.com.php56-17.dfw3-1.websitetestlink.com\/wp-content\/uploads\/2017\/05\/Goddess_Waves_Flyer_Front_Web.jpg\" rel=\"lightbox[406]\"><img loading=\"lazy\" decoding=\"async\" src=\"http:\/\/www.juliawolfermann.com.php56-17.dfw3-1.websitetestlink.com\/wp-content\/uploads\/2017\/05\/Goddess_Waves_Flyer_Front_Web-300x200.jpg\" alt=\"\" width=\"300\" height=\"200\" class=\"alignleft size-medium wp-image-428\" srcset=\"https:\/\/www.juliawolfermann.com\/wp-content\/uploads\/2017\/05\/Goddess_Waves_Flyer_Front_Web-300x200.jpg 300w, https:\/\/www.juliawolfermann.com\/wp-content\/uploads\/2017\/05\/Goddess_Waves_Flyer_Front_Web-768x513.jpg 768w, https:\/\/www.juliawolfermann.com\/wp-content\/uploads\/2017\/05\/Goddess_Waves_Flyer_Front_Web-378x252.jpg 378w, https:\/\/www.juliawolfermann.com\/wp-content\/uploads\/2017\/05\/Goddess_Waves_Flyer_Front_Web.jpg 902w\" sizes=\"auto, (max-width: 300px) 100vw, 300px\" \/><\/a>Nous dansons pour survivre, et le rythme offre une route de briques jaunes pour traverser le chaos qui est le tempo de notre \u00e9poque. Nous dansons pour enlever les peaux, arracher les masques, d\u00e9mouler les moules et faire l\u2019exp\u00e9rience de la rupture des fronti\u00e8res entre le corps, le c\u0153ur et l\u2019esprit, entre les genres et les g\u00e9n\u00e9rations, entre les nations et les nomades.  Nous sommes une g\u00e9n\u00e9ration de transition. C\u2019est notre danse.\u201d<br \/>\n<strong>Gabrielle Roth<\/strong><\/p>\n<p>Les vagues de la d\u00e9esse consistent en une m\u00e9ditation de mouvement de 5Rythmes, cr\u00e9\u00e9s pour soutenir le processus de reconnexion avec la femme sage qui est en nous, nos forces f\u00e9minines. Nous mettrons l\u2019accent sur la d\u00e9esse qui est en chacun de nous, afin que lorsque nous retournons dans le monde du yin et du yang, nous ressentions un sentiment  sain d\u2019autonomisation et incarnions naturellement plus de g\u00e9n\u00e9rosit\u00e9, de pr\u00e9sence et d\u2019aisance. La nature f\u00e9minine est enracin\u00e9e dans le pouvoir collectif \u2013 nous avons pass\u00e9 trop de si\u00e8cles en comp\u00e9tition contre les autres. Cette offre de 5Rythms cherche ainsi \u00e0 r\u00e9unir le <strong>\u00abMoi\u00bb<\/strong> et le <strong>\u00abNous\u00bb<\/strong>.\n<\/div>\n<hr>\n<div style=\"overflow:hidden;\">\n<a href=\"http:\/\/www.juliawolfermann.com.php56-17.dfw3-1.websitetestlink.com\/wp-content\/uploads\/2017\/05\/Gate_Waves_Only-tender.jpg\" rel=\"lightbox[406]\"><img loading=\"lazy\" decoding=\"async\" src=\"http:\/\/www.juliawolfermann.com.php56-17.dfw3-1.websitetestlink.com\/wp-content\/uploads\/2017\/05\/Gate_Waves_Only-tender-300x194.jpg\" alt=\"\" width=\"300\" height=\"194\" class=\"alignleft size-medium wp-image-433\" srcset=\"https:\/\/www.juliawolfermann.com\/wp-content\/uploads\/2017\/05\/Gate_Waves_Only-tender-300x194.jpg 300w, https:\/\/www.juliawolfermann.com\/wp-content\/uploads\/2017\/05\/Gate_Waves_Only-tender-378x244.jpg 378w, https:\/\/www.juliawolfermann.com\/wp-content\/uploads\/2017\/05\/Gate_Waves_Only-tender.jpg 465w\" sizes=\"auto, (max-width: 300px) 100vw, 300px\" \/><\/a>\u00abL\u2019esprit en mouvement gu\u00e9rit, \u00e9largit, entoure l\u2019int\u00e9rieur et l\u2019ext\u00e9rieur du corps, se d\u00e9pla\u00e7ant \u00e0 travers les couches de la conscience de l\u2019inertie \u00e0 l\u2019extase. Ouvrez-vous \u00e0 l\u2019esprit, et vous serez transform\u00e9s. \u00bb.<br \/>\n<strong>Gabrielle Roth<\/strong><\/p>\n<p>Par la pratique du mouvement intuitif et de l\u2019abandon aux 5 Rythmes de Fluide, Staccato, Chaos, Lyrique et Calme, nous ouvrons les portes \u00e0 nos \u00e2mes, \u00e0 notre inspiration et notre conscience sup\u00e9rieure. Les vagues de la porte vous invitent \u00e0 d\u00e9verrouiller les tr\u00e9sors cach\u00e9s de votre essence divine et \u00e0 chercher avec fluidit\u00e9, \u00e0 int\u00e9grer le corps, l\u2019esprit et l\u2019\u00e2me en un seul \u00eatre humain vivant, respirant, pensant, aimant et dansant. Un cours du soir de 5Rythmes avec les \u00e9l\u00e9ments d\u2019enseignements de base.\n<\/p><\/div>\n<hr>\n<div style=\"overflow:hidden;\">\n<a href=\"http:\/\/www.juliawolfermann.com.php56-17.dfw3-1.websitetestlink.com\/wp-content\/uploads\/2017\/04\/Untitled-1-1.jpg\" rel=\"lightbox[406]\"><img loading=\"lazy\" decoding=\"async\" src=\"http:\/\/www.juliawolfermann.com.php56-17.dfw3-1.websitetestlink.com\/wp-content\/uploads\/2017\/04\/Untitled-1-1-300x144.jpg\" alt=\"\" width=\"300\" height=\"144\" class=\"alignleft size-medium wp-image-366\" srcset=\"https:\/\/www.juliawolfermann.com\/wp-content\/uploads\/2017\/04\/Untitled-1-1-300x144.jpg 300w, https:\/\/www.juliawolfermann.com\/wp-content\/uploads\/2017\/04\/Untitled-1-1-768x368.jpg 768w, https:\/\/www.juliawolfermann.com\/wp-content\/uploads\/2017\/04\/Untitled-1-1-378x181.jpg 378w, https:\/\/www.juliawolfermann.com\/wp-content\/uploads\/2017\/04\/Untitled-1-1.jpg 940w\" sizes=\"auto, (max-width: 300px) 100vw, 300px\" \/><\/a>Une soir\u00e9e exp\u00e9rimentale vous attend, ancr\u00e9e dans les racines des 5 rythmes, invitant diff\u00e9rents artistes \u00e0 th\u00e8mes et des artistes invit\u00e9s. Cette soir\u00e9e c\u00e9l\u00e8bre la vie dans toutes ses forces cr\u00e9atives unies \u2013 la danse.\n<\/div>\n<hr>\n<div style=\"overflow:hidden;\">\n<a href=\"http:\/\/www.juliawolfermann.com.php56-17.dfw3-1.websitetestlink.com\/wp-content\/uploads\/2017\/05\/Magical_Mornings_5Rhythms.jpg\" rel=\"lightbox[406]\"><img loading=\"lazy\" decoding=\"async\" src=\"http:\/\/www.juliawolfermann.com.php56-17.dfw3-1.websitetestlink.com\/wp-content\/uploads\/2017\/05\/Magical_Mornings_5Rhythms-300x200.jpg\" alt=\"\" width=\"300\" height=\"200\" class=\"alignleft size-medium wp-image-429\" srcset=\"https:\/\/www.juliawolfermann.com\/wp-content\/uploads\/2017\/05\/Magical_Mornings_5Rhythms-300x200.jpg 300w, https:\/\/www.juliawolfermann.com\/wp-content\/uploads\/2017\/05\/Magical_Mornings_5Rhythms-768x512.jpg 768w, https:\/\/www.juliawolfermann.com\/wp-content\/uploads\/2017\/05\/Magical_Mornings_5Rhythms-1024x683.jpg 1024w, https:\/\/www.juliawolfermann.com\/wp-content\/uploads\/2017\/05\/Magical_Mornings_5Rhythms-378x252.jpg 378w, https:\/\/www.juliawolfermann.com\/wp-content\/uploads\/2017\/05\/Magical_Mornings_5Rhythms.jpg 1950w\" sizes=\"auto, (max-width: 300px) 100vw, 300px\" \/><\/a>Ancr\u00e9es dans les principes de la sueur de vos pri\u00e8res, les matin\u00e9es magiques consistent en un espace de m\u00e9ditation en mouvement qui permet au participant d\u2019explorer les diff\u00e9rentes \u00e9nergies des 5Rythmes, avec un minimum d\u2019orientation.\n<\/div>\n<p><\/p>","protected":false},"excerpt":{"rendered":"<p>Nous dansons pour survivre, et le rythme offre une route de briques jaunes pour traverser le chaos qui est le tempo de notre \u00e9poque. Nous dansons pour enlever les peaux, arracher les masques, d\u00e9mouler les moules et faire l\u2019exp\u00e9rience de la rupture des fronti\u00e8res entre le corps, le c\u0153ur et l\u2019esprit, entre les genres et [&hellip;]<\/p>\n","protected":false},"author":2,"featured_media":0,"parent":233,"menu_order":0,"comment_status":"closed","ping_status":"closed","template":"","meta":{"footnotes":""},"class_list":["post-406","page","type-page","status-publish","hentry"],"_links":{"self":[{"href":"https:\/\/www.juliawolfermann.com\/fr\/wp-json\/wp\/v2\/pages\/406","targetHints":{"allow":["GET"]}}],"collection":[{"href":"https:\/\/www.juliawolfermann.com\/fr\/wp-json\/wp\/v2\/pages"}],"about":[{"href":"https:\/\/www.juliawolfermann.com\/fr\/wp-json\/wp\/v2\/types\/page"}],"author":[{"embeddable":true,"href":"https:\/\/www.juliawolfermann.com\/fr\/wp-json\/wp\/v2\/users\/2"}],"replies":[{"embeddable":true,"href":"https:\/\/www.juliawolfermann.com\/fr\/wp-json\/wp\/v2\/comments?post=406"}],"version-history":[{"count":9,"href":"https:\/\/www.juliawolfermann.com\/fr\/wp-json\/wp\/v2\/pages\/406\/revisions"}],"predecessor-version":[{"id":684,"href":"https:\/\/www.juliawolfermann.com\/fr\/wp-json\/wp\/v2\/pages\/406\/revisions\/684"}],"up":[{"embeddable":true,"href":"https:\/\/www.juliawolfermann.com\/fr\/wp-json\/wp\/v2\/pages\/233"}],"wp:attachment":[{"href":"https:\/\/www.juliawolfermann.com\/fr\/wp-json\/wp\/v2\/media?parent=406"}],"curies":[{"name":"wp","href":"https:\/\/api.w.org\/{rel}","templated":true}]}}