{"id":245,"date":"2017-03-29T16:25:59","date_gmt":"2017-03-29T15:25:59","guid":{"rendered":"http:\/\/localhost\/wordpress\/?page_id=245"},"modified":"2017-12-14T14:38:40","modified_gmt":"2017-12-14T13:38:40","slug":"resume","status":"publish","type":"page","link":"https:\/\/www.juliawolfermann.com\/fr\/preformer\/resume\/","title":{"rendered":"Resume"},"content":{"rendered":"<p><\/p>\n<h3 style=\"text-align:center;\">THEATER<\/h3>\n<table class=\"resume-tb\">\n<tbody>\n<tr>\n<td>Un tramway nomm\u00e9 D\u00e9sir<\/td>\n<td>Stella (Principal)<\/td>\n<td>Cherry Pit Theatre, Austin Pendleton &#038; Brian Lady<\/td>\n<\/tr>\n<tr>\n<td>Mr. Puntila et son Homme Matti (Brecht)<\/td>\n<td>Eva (Principal)<\/td>\n<td>Rasa A. Kagas, HBPW Theatre<\/td>\n<\/tr>\n<tr>\n<td>Oncle Vanya<\/td>\n<td>Yelena (Principal)<\/td>\n<td>Abington Theatre<\/td>\n<\/tr>\n<tr>\n<td>Le Jeu de la Passion (musical)<\/td>\n<td>T\u00e9moin<\/td>\n<td>Park Performing Arts Theatre, NJ<\/td>\n<\/tr>\n<tr>\n<td>Lady avec un LaPdog\u2026Fin Heureuse<\/td>\n<td>Actrice, Varya<\/td>\n<td>Aleksey Burago, HBPW Theatre<\/td>\n<\/tr>\n<tr>\n<td>Valapariso<\/td>\n<td>Assistant de vol<\/td>\n<td>Rasa A. Kazlas HBPW Theatre<\/td>\n<\/tr>\n<tr>\n<td>Comment parler la femme<\/td>\n<td>Tabitha<\/td>\n<td>National Comedy Theatre<\/td>\n<\/tr>\n<tr>\n<td>Qu\u2019en est-il de la nuit \u2013 Printemps<\/td>\n<td>Greta (Principal)<\/td>\n<td>HB Studio Ensemble Preformance<\/td>\n<\/tr>\n<tr>\n<td>A moiti\u00e9 amoureux<\/td>\n<td>Gwen (Principal)<\/td>\n<td>HB Studio Ensemble Preformance<\/td>\n<\/tr>\n<tr>\n<td>Chansons, Danse &#038; Shakespeare<\/td>\n<td>Sonnet 18, 102, Chansons Folkloriques Su\u00e9doises<\/td>\n<td>Social Project in NYC<\/td>\n<\/tr>\n<tr>\n<td>Acte de S\u0153ur (musical)<\/td>\n<td>S\u0153ur Marie Lazarus, Dame de bar<\/td>\n<td>Margit Minelli, Goethe-Theatre, GER<\/td>\n<\/tr>\n<tr>\n<td>Filles, Filles, Filles (musical)<\/td>\n<td>Emma (Principal)<\/td>\n<td>Margit Minelli, Goethe-Theatre, GER<\/td>\n<\/tr>\n<\/tbody>\n<\/table>\n<h3 style=\"text-align: center;\">FILM<\/h3>\n<table class=\"resume-tb\">\n<tbody>\n<tr>\n<td>Le Secret de Famille<\/td>\n<td>Interview &#038; Scientifique (Principal) Julia<\/td>\n<td>Amy Greber, Flatcoatfilms Productions<\/td>\n<\/tr>\n<tr>\n<td>L\u2019Acceptation<\/td>\n<td>Julia<\/td>\n<td>3 stone Pictures, Yogesh Khubchandani<\/td>\n<\/tr>\n<tr>\n<td>Jukka<\/td>\n<td>La femme du m\u00e9tro<\/td>\n<td>Emanuel Trousse, NYFA (2 prix du public)<\/td>\n<\/tr>\n<tr>\n<td>Le Paradis n\u2019est pas un passage facile<\/td>\n<td>L\u2019ange danseur et pr\u00e9formeur (Principal)<\/td>\n<td>Earthandaura Arts, Kristin Wynn<\/td>\n<\/tr>\n<tr>\n<td>Le Vide<\/td>\n<td>Sarah (Principal)<\/td>\n<td>Isilay Yanbas<\/td>\n<\/tr>\n<\/tbody>\n<\/table>\n<h3 style=\"text-align: center;\">AUTRES EXPERIENCES PERFORMANTES &#8211; SONSTIGES<\/h3>\n<table class=\"resume-tb\">\n<tbody>\n<tr>\n<td>FENDI<\/td>\n<td>Voix-off commerciale<\/td>\n<td>Creative Media Design<\/td>\n<\/tr>\n<tr>\n<td>Rosseta Stone<\/td>\n<td>Film Commercial<\/td>\n<td>Erik Lu, Descendant Films<\/td>\n<\/tr>\n<tr>\n<td>Crate &#038; Barrel<\/td>\n<td>Impression Commerciale<\/td>\n<td>New York City<\/td>\n<\/tr>\n<tr>\n<td>Kinetic State<\/td>\n<td>Guide &#038; Danseuse Impro<\/td>\n<td>Gabrielle Roth, 5Rythms Reach Out, NYC<\/td>\n<\/tr>\n<tr>\n<td>The Center<\/td>\n<td>M\u00e8re D\u00e9sireuse<\/td>\n<td>Essentia Productions<\/td>\n<\/tr>\n<tr>\n<td>Phillips<\/td>\n<td>Voix-off commerciale<\/td>\n<td>1destinyproductions<\/td>\n<\/tr>\n<tr>\n<td>Amazon<\/td>\n<td>Voix-off<\/td>\n<td>1destinyproductions<\/td>\n<\/tr>\n<tr>\n<td>Le dernier patient<\/td>\n<td>Voix-off<\/td>\n<td>Court m\u00e9trage ind\u00e9pendant, Eun-ah Lee, World Trip<\/td>\n<\/tr>\n<\/tbody>\n<\/table>\n<h3 style=\"text-align: center;\">COMPETENCES PARTICULIERES \u2013 BESONDERE KENNTNISSE<\/h3>\n<p>Danse (5 Rythmes, Tap, Salle de Bal), Yoga, M\u00e9ditation, ski, Basket, P\u00e2tinage \u00e0 nouveau, Escrime sur sc\u00e8ne, Combat de sc\u00e8ne ;<br \/>\nChoix Vocal : Soprano, Mezzo-Soprano ; Langues : Allemand (langue maternelle), Anglais (courant), Italien (conversationnel) ;<br \/>\nDial\u00e8ctes : G\u00e8ne. Am\u00e9ricain, Allemand (Est, Sud et Ouest), Fran\u00e7ais, Italien, Russe ; Conception Graphique ; Photographie ;<br \/>\nEnseignant certifi\u00e9 5Rythmes\n<\/p>\n<h3 style=\"text-align: center;\">FORMATION<\/h3>\n<table class=\"resume-tb\">\n<tbody>\n<tr>\n<td>M\u00e9thode de Formation\/Action<\/td>\n<td>David Gideon, The Acting Class, NYC\/Austin Pandleton<\/td>\n<\/tr>\n<tr>\n<td>Shakespeare<\/td>\n<td>George Bartenieff\/John McManus<\/td>\n<\/tr>\n<tr>\n<td>Th\u00e9\u00e2tre Musical &#038; Chant<\/td>\n<td>Donna McKechnie\/Gudrun B\u00fchler<\/td>\n<\/tr>\n<tr>\n<td>Discour (IPA) Dialectes des discours Principaux<\/td>\n<td>Amanda Quaid<\/td>\n<\/tr>\n<tr>\n<td>Mouvement, Danse &#038; Th\u00e9\u00e2tre Rituel<\/td>\n<td>Gabrielle Roth &#038; Jonathan Horan &#8211; 5Rhythms, NYC<\/td>\n<\/tr>\n<\/tbody>\n<\/table>\n<h3 style=\"text-align: center;\">MEMBRE DU STUDIO HB ENSEMBLE HB ENSEMBLEMITGLIED SEIT 2008<\/h3>\n<table class=\"resume-tb\">\n<tbody>\n<tr>\n<td>Cheveux \u2013 Haarfarbe<\/td>\n<td>Marron clair \u2013 Dunkelblond<\/td>\n<\/tr>\n<tr>\n<td>Yeux \u2013 Augenfarbe<\/td>\n<td>Bleu &#8211; Blau<\/td>\n<\/tr>\n<tr>\n<td>Taille \u2013 K\u00f6rpergr\u00f6\u00dfe<\/td>\n<td>5&rsquo;5 &#8211; 1,65m<\/td>\n<\/tr>\n<tr>\n<td>Pointure &#8211; Kleidergr\u00f6\u00dfe<\/td>\n<td>4 &#8211; 36<\/td>\n<\/tr>\n<\/tbody>\n<\/table>\n<p>\t\t\t\t\t\t<\/p>","protected":false},"excerpt":{"rendered":"<p>THEATER Un tramway nomm\u00e9 D\u00e9sir Stella (Principal) Cherry Pit Theatre, Austin Pendleton &#038; Brian Lady Mr. Puntila et son Homme Matti (Brecht) Eva (Principal) Rasa A. Kagas, HBPW Theatre Oncle Vanya Yelena (Principal) Abington Theatre Le Jeu de la Passion (musical) T\u00e9moin Park Performing Arts Theatre, NJ Lady avec un LaPdog\u2026Fin Heureuse Actrice, Varya Aleksey [&hellip;]<\/p>\n","protected":false},"author":2,"featured_media":0,"parent":235,"menu_order":0,"comment_status":"closed","ping_status":"closed","template":"","meta":{"footnotes":""},"class_list":["post-245","page","type-page","status-publish","hentry"],"_links":{"self":[{"href":"https:\/\/www.juliawolfermann.com\/fr\/wp-json\/wp\/v2\/pages\/245","targetHints":{"allow":["GET"]}}],"collection":[{"href":"https:\/\/www.juliawolfermann.com\/fr\/wp-json\/wp\/v2\/pages"}],"about":[{"href":"https:\/\/www.juliawolfermann.com\/fr\/wp-json\/wp\/v2\/types\/page"}],"author":[{"embeddable":true,"href":"https:\/\/www.juliawolfermann.com\/fr\/wp-json\/wp\/v2\/users\/2"}],"replies":[{"embeddable":true,"href":"https:\/\/www.juliawolfermann.com\/fr\/wp-json\/wp\/v2\/comments?post=245"}],"version-history":[{"count":13,"href":"https:\/\/www.juliawolfermann.com\/fr\/wp-json\/wp\/v2\/pages\/245\/revisions"}],"predecessor-version":[{"id":610,"href":"https:\/\/www.juliawolfermann.com\/fr\/wp-json\/wp\/v2\/pages\/245\/revisions\/610"}],"up":[{"embeddable":true,"href":"https:\/\/www.juliawolfermann.com\/fr\/wp-json\/wp\/v2\/pages\/235"}],"wp:attachment":[{"href":"https:\/\/www.juliawolfermann.com\/fr\/wp-json\/wp\/v2\/media?parent=245"}],"curies":[{"name":"wp","href":"https:\/\/api.w.org\/{rel}","templated":true}]}}