{"id":233,"date":"2017-03-29T16:22:24","date_gmt":"2017-03-29T15:22:24","guid":{"rendered":"http:\/\/localhost\/wordpress\/?page_id=233"},"modified":"2018-07-17T19:27:26","modified_gmt":"2018-07-17T18:27:26","slug":"teacher","status":"publish","type":"page","link":"https:\/\/www.juliawolfermann.com\/fr\/teacher\/","title":{"rendered":"Teacher"},"content":{"rendered":"<p><img loading=\"lazy\" decoding=\"async\" class=\"alignnone size-full wp-image-298\" src=\"http:\/\/www.juliawolfermann.com.php56-17.dfw3-1.websitetestlink.com\/wp-content\/uploads\/2017\/03\/Release-into-peace.jpg\" alt=\"\" width=\"940\" height=\"671\" srcset=\"https:\/\/www.juliawolfermann.com\/wp-content\/uploads\/2017\/03\/Release-into-peace.jpg 940w, https:\/\/www.juliawolfermann.com\/wp-content\/uploads\/2017\/03\/Release-into-peace-300x214.jpg 300w, https:\/\/www.juliawolfermann.com\/wp-content\/uploads\/2017\/03\/Release-into-peace-768x548.jpg 768w, https:\/\/www.juliawolfermann.com\/wp-content\/uploads\/2017\/03\/Release-into-peace-378x270.jpg 378w\" sizes=\"auto, (max-width: 940px) 100vw, 940px\" \/><\/p>\n<div class=\"invitation\">\n<div class=\"inside-invitation\">\n<h2>Biographie Professionnelle<\/h2>\n<p><img loading=\"lazy\" decoding=\"async\" class=\"alignnone size-full wp-image-301\" src=\"http:\/\/www.juliawolfermann.com.php56-17.dfw3-1.websitetestlink.com\/wp-content\/uploads\/2017\/03\/baterfly.png\" alt=\"\" width=\"99\" height=\"30\" \/><\/p>\n<p class=\"invi-wrap\">Julia Wolfermann est une Allemande new-yorkaise qui a tenu un rythme de 5 cours hebdomadaires \u00e0 New York pendant pr\u00e8s de 3 ans ~ Gate Waves (pour les hommes et les femmes) et Goddess Waves (pour les femmes uniquement). Son parcours professionnel l\u2019a amen\u00e9e \u00e0 animer des ateliers associant le yoga\/5rythmes \u00e0 Sag Harbor, Woodstock \u00e0 Atmananda Yoga, NYC et sur l\u2019\u00eele d\u2019Amorgos\/Gr\u00e8ce. Elle a donn\u00e9 des cours \u00e0 Philadelphie, Princeton, \u00e0 l\u2019Institut Omega \u00e0 Rhinebeck de New York, au Centre M\u00e9dical Montefiore dans le Bronx, \u00e0 Ath\u00e8nes, Rome, D\u00fcsseldorf, Wuppertal, Vienne, Hambourg et Gen\u00e8ve. Julia a tenu des ateliers 5Rythms \u00e0 Majorque\/Espagne, \u00e0 Mexico et \u00e0 Gen\u00e8ve. Julia a aussi encadr\u00e9 des groupes d&rsquo;enfants \u00e0 Chelsea Hudson Guild, qui a \u00e9t\u00e9 fond\u00e9 en 1897 par le Dr. John Lovejoy Elliott <a style=\"color: #d3af37;\" href=\"http:\/\/en.wikipedia.org\/w\/index.php?title=John_Lovejoy_Elliott&amp;action=edit&amp;redlink=1\" target=\"_blank\" rel=\"noopener\">http:\/\/en.wikipedia.org<\/a>\u00a0comme une maison de r\u00e8glement\u00a0<a style=\"color: #d3af37;\" href=\"http:\/\/en.wikipedia.org\/wiki\/Settlement_house\" target=\"_blank\" rel=\"noopener\">http:\/\/en.wikipedia.org<\/a>, dans l\u2019intention d\u2019aider \u00e0 att\u00e9nuer les probl\u00e8mes de la communaut\u00e9 d\u2019immigr\u00e9s de la zone industrielle de Chelsea.<\/p>\n<p>Directement form\u00e9e par l&rsquo;\u00e9quipe fantastique de Gabrielle Roth et de son fils&#8230;. Julia est honor\u00e9e de pouvoir partager ses connaissances et comp\u00e9tences avec vous. <a style=\"color: #d3af37;\" href=\"http:\/\/www.5rhythms.com\" target=\"_blank\" rel=\"noopener\">http:\/\/www.5rhythms.com<\/a><\/p>\n<p>Pour le moment, Julia vit en Suisse o\u00f9 elle a collabor\u00e9 avec un groupe international de danseurs et d\u2019artistes sur le DDA, la Danse des Archetypes, fond\u00e9 par Danielle Didier. Les spectacles et ateliers ont \u00e9t\u00e9 pr\u00e9sent\u00e9s et enseign\u00e9s \u00e0 Belford et Paris (France), \u00e0 Barcelone et T\u00e9n\u00e9rife (Espagne) ainsi qu\u2019\u00e0 Montreux (Suisse). <\/p>\n<p>Julia a \u00e9galement v\u00e9cu une partie de sa vie artistique \u00e0 Florence (Italie). Elle joue, con\u00e7oit, \u00e9crit, invente et enseigne l&rsquo;allemand lorsqu&rsquo;elle n&rsquo;est pas sur la piste de danse. Julia \u0153uvre \u00e9galement en tant qu&rsquo;actrice de m\u00e9thode form\u00e9e et de voix soprano, de talent voix-off et a une passion pour les communaut\u00e9s \u00e0 vocation internationales et ax\u00e9es sur la paix.<\/p>\n<p class=\"contact-yellow\"><a href=\"#contact\">Je vous invite \u00e0 voir mes nouveaux et futurs \u00e9v\u00e9nements &#8230;<\/a><\/p>\n<\/div>\n<\/div>\n<p><!-- \n\n<div class=\"third-section\">\n\n\n<h2>La Danse des Arch\u00e9types<\/h2>\n\n\n\n\u00e9crit par Danielle Didier\n\n<img loading=\"lazy\" decoding=\"async\" class=\"alignnone size-full wp-image-299\" src=\"http:\/\/www.juliawolfermann.com.php56-17.dfw3-1.websitetestlink.com\/wp-content\/uploads\/2017\/03\/eight.png\" alt=\"\" width=\"82\" height=\"15\" \/>\n\n\n<p class=\"practice\">Pratique de la danse arch\u00e9typale\nVenez sentir les essences arch\u00e9typiques danser en vous ...<\/p>\n\n\n[wonderplugin_gridgallery id=8]\n\n<\/div>\n\n --><\/p>","protected":false},"excerpt":{"rendered":"<p>Biographie Professionnelle Julia Wolfermann est une Allemande new-yorkaise qui a tenu un rythme de 5 cours hebdomadaires \u00e0 New York pendant pr\u00e8s de 3 ans ~ Gate Waves (pour les hommes et les femmes) et Goddess Waves (pour les femmes uniquement). Son parcours professionnel l\u2019a amen\u00e9e \u00e0 animer des ateliers associant le yoga\/5rythmes \u00e0 Sag [&hellip;]<\/p>\n","protected":false},"author":2,"featured_media":0,"parent":0,"menu_order":0,"comment_status":"closed","ping_status":"closed","template":"template-teacher-front.php","meta":{"footnotes":""},"class_list":["post-233","page","type-page","status-publish","hentry"],"_links":{"self":[{"href":"https:\/\/www.juliawolfermann.com\/fr\/wp-json\/wp\/v2\/pages\/233","targetHints":{"allow":["GET"]}}],"collection":[{"href":"https:\/\/www.juliawolfermann.com\/fr\/wp-json\/wp\/v2\/pages"}],"about":[{"href":"https:\/\/www.juliawolfermann.com\/fr\/wp-json\/wp\/v2\/types\/page"}],"author":[{"embeddable":true,"href":"https:\/\/www.juliawolfermann.com\/fr\/wp-json\/wp\/v2\/users\/2"}],"replies":[{"embeddable":true,"href":"https:\/\/www.juliawolfermann.com\/fr\/wp-json\/wp\/v2\/comments?post=233"}],"version-history":[{"count":38,"href":"https:\/\/www.juliawolfermann.com\/fr\/wp-json\/wp\/v2\/pages\/233\/revisions"}],"predecessor-version":[{"id":664,"href":"https:\/\/www.juliawolfermann.com\/fr\/wp-json\/wp\/v2\/pages\/233\/revisions\/664"}],"wp:attachment":[{"href":"https:\/\/www.juliawolfermann.com\/fr\/wp-json\/wp\/v2\/media?parent=233"}],"curies":[{"name":"wp","href":"https:\/\/api.w.org\/{rel}","templated":true}]}}