{"id":422,"date":"2017-05-22T20:23:13","date_gmt":"2017-05-22T19:23:13","guid":{"rendered":"http:\/\/www.juliawolfermann.com.php56-17.dfw3-1.websitetestlink.com\/?page_id=422"},"modified":"2018-04-12T09:33:08","modified_gmt":"2018-04-12T08:33:08","slug":"goddess-waves","status":"publish","type":"page","link":"https:\/\/www.juliawolfermann.com\/de\/teacher\/goddess-waves\/","title":{"rendered":"Goddess Waves"},"content":{"rendered":"<p><a href=\"http:\/\/www.juliawolfermann.com.php56-17.dfw3-1.websitetestlink.com\/wp-content\/uploads\/2017\/05\/Goddess_Waves_Flyer_Front_Web.jpg\" rel=\"lightbox[422]\"><img loading=\"lazy\" decoding=\"async\" src=\"http:\/\/www.juliawolfermann.com.php56-17.dfw3-1.websitetestlink.com\/wp-content\/uploads\/2017\/05\/Goddess_Waves_Flyer_Front_Web.jpg\" alt=\"\" width=\"300\" height=\"200\" class=\"alignleft size-medium wp-image-428\" srcset=\"https:\/\/www.juliawolfermann.com\/wp-content\/uploads\/2017\/05\/Goddess_Waves_Flyer_Front_Web.jpg 902w, https:\/\/www.juliawolfermann.com\/wp-content\/uploads\/2017\/05\/Goddess_Waves_Flyer_Front_Web-300x200.jpg 300w, https:\/\/www.juliawolfermann.com\/wp-content\/uploads\/2017\/05\/Goddess_Waves_Flyer_Front_Web-768x513.jpg 768w, https:\/\/www.juliawolfermann.com\/wp-content\/uploads\/2017\/05\/Goddess_Waves_Flyer_Front_Web-378x252.jpg 378w\" sizes=\"auto, (max-width: 300px) 100vw, 300px\" \/><\/a>We dance to survive, and the beat offers a yellow brick road to make it through the chaos that is the tempo of our times. We dance to shed skins, tear off masks, crack molds, and experience the breakdown \u2013 the shattering of borders between body, heart and mind, between genders and generations, between nations and nomads. We are the transitional generation. This is our dance.\u201d <strong>Gabrielle Roth<\/strong><\/p>\n<p>Goddess Waves ist eine Bewegungsmeditation f\u00fcr Frauen. Sie unterst\u00fctzt den Prozess uns mit unserer inneren Weisheit (wieder) zu verbinden, unsere femininen Gaben und Kr\u00e4fte (wieder) zu entdecken. Wir werden einen Fokus auf die innere G\u00f6ttin legen, welche uns den Schl\u00fcssel geben kann, mit Selbstbewusstsein und St\u00e4rkung in bewusste Verbindungen mit der m\u00e4nnlichen Energie tanzen zu k\u00f6nnen &#8211; und unsere eigenen m\u00e4nnlichen Energien begreifen und lieben lernen zu k\u00f6nnen. Gro\u00dfz\u00fcgigkeit, Pr\u00e4senz und Leichtigkeit werden uns zu den Wurzeln der kollektiven Kraft f\u00fchren &#8211; wir Frauen haben bereits viel zuviel Zeit und Kraft damit verschwendet, gegeneinander zu k\u00e4mpfen, anstatt die Kr\u00e4fte des &#8222;Ich&#8220; und &#8222;Wir&#8220; mit Liebe und Bewusstsein zu vereinen. Eine Einladung f\u00fcr Dich\/Sie und sie zu einer Wiedervereinigung auf zauberhaft frauliche Art und Weise.<\/p>","protected":false},"excerpt":{"rendered":"<p>We dance to survive, and the beat offers a yellow brick road to make it through the chaos that is the tempo of our times. We dance to shed skins, tear off masks, crack molds, and experience the breakdown \u2013 the shattering of borders between body, heart and mind, between genders and generations, between nations [&hellip;]<\/p>\n","protected":false},"author":2,"featured_media":428,"parent":233,"menu_order":0,"comment_status":"closed","ping_status":"closed","template":"","meta":{"footnotes":""},"class_list":["post-422","page","type-page","status-publish","has-post-thumbnail","hentry"],"_links":{"self":[{"href":"https:\/\/www.juliawolfermann.com\/de\/wp-json\/wp\/v2\/pages\/422","targetHints":{"allow":["GET"]}}],"collection":[{"href":"https:\/\/www.juliawolfermann.com\/de\/wp-json\/wp\/v2\/pages"}],"about":[{"href":"https:\/\/www.juliawolfermann.com\/de\/wp-json\/wp\/v2\/types\/page"}],"author":[{"embeddable":true,"href":"https:\/\/www.juliawolfermann.com\/de\/wp-json\/wp\/v2\/users\/2"}],"replies":[{"embeddable":true,"href":"https:\/\/www.juliawolfermann.com\/de\/wp-json\/wp\/v2\/comments?post=422"}],"version-history":[{"count":10,"href":"https:\/\/www.juliawolfermann.com\/de\/wp-json\/wp\/v2\/pages\/422\/revisions"}],"predecessor-version":[{"id":624,"href":"https:\/\/www.juliawolfermann.com\/de\/wp-json\/wp\/v2\/pages\/422\/revisions\/624"}],"up":[{"embeddable":true,"href":"https:\/\/www.juliawolfermann.com\/de\/wp-json\/wp\/v2\/pages\/233"}],"wp:featuredmedia":[{"embeddable":true,"href":"https:\/\/www.juliawolfermann.com\/de\/wp-json\/wp\/v2\/media\/428"}],"wp:attachment":[{"href":"https:\/\/www.juliawolfermann.com\/de\/wp-json\/wp\/v2\/media?parent=422"}],"curies":[{"name":"wp","href":"https:\/\/api.w.org\/{rel}","templated":true}]}}