{"id":420,"date":"2017-05-22T20:22:54","date_gmt":"2017-05-22T19:22:54","guid":{"rendered":"http:\/\/www.juliawolfermann.com.php56-17.dfw3-1.websitetestlink.com\/?page_id=420"},"modified":"2018-04-12T09:31:44","modified_gmt":"2018-04-12T08:31:44","slug":"gate-waves","status":"publish","type":"page","link":"https:\/\/www.juliawolfermann.com\/de\/teacher\/gate-waves\/","title":{"rendered":"Gate Waves"},"content":{"rendered":"<p><a href=\"http:\/\/www.juliawolfermann.com.php56-17.dfw3-1.websitetestlink.com\/wp-content\/uploads\/2017\/05\/Gate_Waves_Only-tender.jpg\" rel=\"lightbox[420]\"><img loading=\"lazy\" decoding=\"async\" src=\"http:\/\/www.juliawolfermann.com.php56-17.dfw3-1.websitetestlink.com\/wp-content\/uploads\/2017\/05\/Gate_Waves_Only-tender.jpg\" alt=\"\" width=\"300\" height=\"194\" class=\"alignleft size-medium wp-image-433\" srcset=\"https:\/\/www.juliawolfermann.com\/wp-content\/uploads\/2017\/05\/Gate_Waves_Only-tender.jpg 465w, https:\/\/www.juliawolfermann.com\/wp-content\/uploads\/2017\/05\/Gate_Waves_Only-tender-300x194.jpg 300w, https:\/\/www.juliawolfermann.com\/wp-content\/uploads\/2017\/05\/Gate_Waves_Only-tender-378x244.jpg 378w\" sizes=\"auto, (max-width: 300px) 100vw, 300px\" \/><\/a>&#8222;The spirit in motion heals, expands, circles in and out of the body, moving through the layers of consciousness from inertia to ecstasy. Open to the spirit, and you will be transformed.&#8220;<br \/>\n<strong>Gabrielle Roth<\/strong><\/p>\n<p>Durch das Praktizieren von intuitiver Bewegung und Hingabe in die Rhythmen Des Flusses (Flowing), Staccato, Chaos, des Lyrischen (Lyrical) und der Stille (Stillness) \u00f6ffnen wir die Tore zu unserer Seele, unserer Inspiration und unserem h\u00f6heren Bewusstsein. Gate Waves l\u00e4dt Dich\/Sie und sie dazu ein, die versteckten Sch\u00e4tze Deiner\/Ihrer g\u00f6ttlichen Essenz aus Dir\/Ihnen hervorzulocken und sie auf fliessende Art in unseren lebenden, atmenden, denkenden, liebenden, tanzenden K\u00f6rper, Geist und Seele lichtvoll zu integrieren. Eine 5Rhythmen Waves-Klasse mit Grundelementen der 5Rhythmen-Lehre.<\/p>","protected":false},"excerpt":{"rendered":"<p>&#8222;The spirit in motion heals, expands, circles in and out of the body, moving through the layers of consciousness from inertia to ecstasy. Open to the spirit, and you will be transformed.&#8220; Gabrielle Roth Durch das Praktizieren von intuitiver Bewegung und Hingabe in die Rhythmen Des Flusses (Flowing), Staccato, Chaos, des Lyrischen (Lyrical) und der [&hellip;]<\/p>\n","protected":false},"author":2,"featured_media":433,"parent":233,"menu_order":0,"comment_status":"closed","ping_status":"closed","template":"","meta":{"footnotes":""},"class_list":["post-420","page","type-page","status-publish","has-post-thumbnail","hentry"],"_links":{"self":[{"href":"https:\/\/www.juliawolfermann.com\/de\/wp-json\/wp\/v2\/pages\/420","targetHints":{"allow":["GET"]}}],"collection":[{"href":"https:\/\/www.juliawolfermann.com\/de\/wp-json\/wp\/v2\/pages"}],"about":[{"href":"https:\/\/www.juliawolfermann.com\/de\/wp-json\/wp\/v2\/types\/page"}],"author":[{"embeddable":true,"href":"https:\/\/www.juliawolfermann.com\/de\/wp-json\/wp\/v2\/users\/2"}],"replies":[{"embeddable":true,"href":"https:\/\/www.juliawolfermann.com\/de\/wp-json\/wp\/v2\/comments?post=420"}],"version-history":[{"count":8,"href":"https:\/\/www.juliawolfermann.com\/de\/wp-json\/wp\/v2\/pages\/420\/revisions"}],"predecessor-version":[{"id":623,"href":"https:\/\/www.juliawolfermann.com\/de\/wp-json\/wp\/v2\/pages\/420\/revisions\/623"}],"up":[{"embeddable":true,"href":"https:\/\/www.juliawolfermann.com\/de\/wp-json\/wp\/v2\/pages\/233"}],"wp:featuredmedia":[{"embeddable":true,"href":"https:\/\/www.juliawolfermann.com\/de\/wp-json\/wp\/v2\/media\/433"}],"wp:attachment":[{"href":"https:\/\/www.juliawolfermann.com\/de\/wp-json\/wp\/v2\/media?parent=420"}],"curies":[{"name":"wp","href":"https:\/\/api.w.org\/{rel}","templated":true}]}}