{"id":406,"date":"2017-05-22T19:17:28","date_gmt":"2017-05-22T18:17:28","guid":{"rendered":"http:\/\/www.juliawolfermann.com.php56-17.dfw3-1.websitetestlink.com\/?page_id=406"},"modified":"2018-07-22T12:00:23","modified_gmt":"2018-07-22T11:00:23","slug":"5rhythms","status":"publish","type":"page","link":"https:\/\/www.juliawolfermann.com\/de\/teacher\/5rhythms\/","title":{"rendered":"5Rhythms"},"content":{"rendered":"<p><\/p>\n<div style=\"overflow:hidden;\">\n<a href=\"http:\/\/www.juliawolfermann.com.php56-17.dfw3-1.websitetestlink.com\/wp-content\/uploads\/2017\/05\/Goddess_Waves_Flyer_Front_Web.jpg\" rel=\"lightbox[406]\"><img loading=\"lazy\" decoding=\"async\" src=\"http:\/\/www.juliawolfermann.com.php56-17.dfw3-1.websitetestlink.com\/wp-content\/uploads\/2017\/05\/Goddess_Waves_Flyer_Front_Web-300x200.jpg\" alt=\"\" width=\"300\" height=\"200\" class=\"alignleft size-medium wp-image-428\" srcset=\"https:\/\/www.juliawolfermann.com\/wp-content\/uploads\/2017\/05\/Goddess_Waves_Flyer_Front_Web-300x200.jpg 300w, https:\/\/www.juliawolfermann.com\/wp-content\/uploads\/2017\/05\/Goddess_Waves_Flyer_Front_Web-768x513.jpg 768w, https:\/\/www.juliawolfermann.com\/wp-content\/uploads\/2017\/05\/Goddess_Waves_Flyer_Front_Web-378x252.jpg 378w, https:\/\/www.juliawolfermann.com\/wp-content\/uploads\/2017\/05\/Goddess_Waves_Flyer_Front_Web.jpg 902w\" sizes=\"auto, (max-width: 300px) 100vw, 300px\" \/><\/a>We dance to survive, and the beat offers a yellow brick road to make it through the chaos that is the tempo of our times. We dance to shed skins, tear off masks, crack molds, and experience the breakdown \u2013 the shattering of borders between body, heart and mind, between genders and generations, between nations and nomads. We are the transitional generation. This is our dance.\u201d <strong>Gabrielle Roth<\/strong><\/p>\n<p>Goddess Waves ist eine Bewegungsmeditation f\u00fcr Frauen. Sie unterst\u00fctzt den Prozess uns mit unserer inneren Weisheit (wieder) zu verbinden, unsere femininen Gaben und Kr\u00e4fte (wieder) zu entdecken. Wir werden einen Fokus auf die innere G\u00f6ttin legen, welche uns den Schl\u00fcssel geben kann, mit Selbstbewusstsein und St\u00e4rkung in bewusste Verbindungen mit der m\u00e4nnlichen Energie tanzen zu k\u00f6nnen \u2013 und unsere eigenen m\u00e4nnlichen Energien begreifen und lieben lernen zu k\u00f6nnen. Gro\u00dfz\u00fcgigkeit, Pr\u00e4senz und Leichtigkeit werden uns zu den Wurzeln der kollektiven Kraft f\u00fchren \u2013 wir Frauen haben bereits viel zuviel Zeit und Kraft damit verschwendet, gegeneinander zu k\u00e4mpfen, anstatt die Kr\u00e4fte des \u201eIch\u201c und \u201eWir\u201c mit Liebe und Bewusstsein zu vereinen. Eine Einladung f\u00fcr Dich\/Sie und sie zu einer Wiedervereinigung auf zauberhaft frauliche Art und Weise.\n<\/p><\/div>\n<hr>\n<div style=\"overflow:hidden;\">\n<a href=\"http:\/\/www.juliawolfermann.com.php56-17.dfw3-1.websitetestlink.com\/wp-content\/uploads\/2017\/05\/Gate_Waves_Only-tender.jpg\" rel=\"lightbox[406]\"><img loading=\"lazy\" decoding=\"async\" src=\"http:\/\/www.juliawolfermann.com.php56-17.dfw3-1.websitetestlink.com\/wp-content\/uploads\/2017\/05\/Gate_Waves_Only-tender-300x194.jpg\" alt=\"\" width=\"300\" height=\"194\" class=\"alignleft size-medium wp-image-433\" srcset=\"https:\/\/www.juliawolfermann.com\/wp-content\/uploads\/2017\/05\/Gate_Waves_Only-tender-300x194.jpg 300w, https:\/\/www.juliawolfermann.com\/wp-content\/uploads\/2017\/05\/Gate_Waves_Only-tender-378x244.jpg 378w, https:\/\/www.juliawolfermann.com\/wp-content\/uploads\/2017\/05\/Gate_Waves_Only-tender.jpg 465w\" sizes=\"auto, (max-width: 300px) 100vw, 300px\" \/><\/a>&#8222;The spirit in motion heals, expands, circles in and out of the body, moving through the layers of consciousness from inertia to ecstasy. Open to the spirit, and you will be transformed.&#8220;<br \/>\n<strong>Gabrielle Roth<\/strong><\/p>\n<p>Durch das Praktizieren von intuitiver Bewegung und Hingabe in die Rhythmen Des Flusses (Flowing), Staccato, Chaos, des Lyrischen (Lyrical) und der Stille (Stillness) \u00f6ffnen wir die Tore zu unserer Seele, unserer Inspiration und unserem h\u00f6heren Bewusstsein. Gate Waves l\u00e4dt Dich\/Sie und sie dazu ein, die versteckten Sch\u00e4tze Deiner\/Ihrer g\u00f6ttlichen Essenz aus Dir\/Ihnen hervorzulocken und sie auf fliessende Art in unseren lebenden, atmenden, denkenden, liebenden, tanzenden K\u00f6rper, Geist und Seele lichtvoll zu integrieren. Eine 5Rhythmen Waves-Klasse mit Grundelementen der 5Rhythmen-Lehre.\n<\/p><\/div>\n<hr>\n<div style=\"overflow:hidden;\">\n<a href=\"http:\/\/www.juliawolfermann.com.php56-17.dfw3-1.websitetestlink.com\/wp-content\/uploads\/2017\/04\/Untitled-1-1.jpg\" rel=\"lightbox[406]\"><img loading=\"lazy\" decoding=\"async\" src=\"http:\/\/www.juliawolfermann.com.php56-17.dfw3-1.websitetestlink.com\/wp-content\/uploads\/2017\/04\/Untitled-1-1-300x144.jpg\" alt=\"\" width=\"300\" height=\"144\" class=\"alignleft size-medium wp-image-366\" srcset=\"https:\/\/www.juliawolfermann.com\/wp-content\/uploads\/2017\/04\/Untitled-1-1-300x144.jpg 300w, https:\/\/www.juliawolfermann.com\/wp-content\/uploads\/2017\/04\/Untitled-1-1-768x368.jpg 768w, https:\/\/www.juliawolfermann.com\/wp-content\/uploads\/2017\/04\/Untitled-1-1-378x181.jpg 378w, https:\/\/www.juliawolfermann.com\/wp-content\/uploads\/2017\/04\/Untitled-1-1.jpg 940w\" sizes=\"auto, (max-width: 300px) 100vw, 300px\" \/><\/a>Ein experimenteller Abend wartet auf Dich, Sie und sie, verankert in der Lehre der 5Rhythmen, in Kollaboration mit themenbezogenen K\u00fcnsten und Gastk\u00fcnstlern. Dieser evolution\u00e4re Abend feiert das Leben in all seinen kreativen Formen eingebettet in der Meditation des Tanzes.\n<\/div>\n<hr>\n<div style=\"overflow:hidden;\">\n<a href=\"http:\/\/www.juliawolfermann.com.php56-17.dfw3-1.websitetestlink.com\/wp-content\/uploads\/2017\/05\/Magical_Mornings_5Rhythms.jpg\" rel=\"lightbox[406]\"><img loading=\"lazy\" decoding=\"async\" src=\"http:\/\/www.juliawolfermann.com.php56-17.dfw3-1.websitetestlink.com\/wp-content\/uploads\/2017\/05\/Magical_Mornings_5Rhythms-300x200.jpg\" alt=\"\" width=\"300\" height=\"200\" class=\"alignleft size-medium wp-image-429\" srcset=\"https:\/\/www.juliawolfermann.com\/wp-content\/uploads\/2017\/05\/Magical_Mornings_5Rhythms-300x200.jpg 300w, https:\/\/www.juliawolfermann.com\/wp-content\/uploads\/2017\/05\/Magical_Mornings_5Rhythms-768x512.jpg 768w, https:\/\/www.juliawolfermann.com\/wp-content\/uploads\/2017\/05\/Magical_Mornings_5Rhythms-1024x683.jpg 1024w, https:\/\/www.juliawolfermann.com\/wp-content\/uploads\/2017\/05\/Magical_Mornings_5Rhythms-378x252.jpg 378w, https:\/\/www.juliawolfermann.com\/wp-content\/uploads\/2017\/05\/Magical_Mornings_5Rhythms.jpg 1950w\" sizes=\"auto, (max-width: 300px) 100vw, 300px\" \/><\/a>Verwurzelt in den Prinzipien des \u201eSweat Your Prayers\u201c tanzen wir die 5Rhythmen mit minimaler Anleitung von Aussen. Diese Klasse ist besonders f\u00fcr fortgeschrittene Praktizierende der 5Rhythmen geeignet, die ihrer 5Rhythmen-Meditaion freien Erkundungsraum geben m\u00f6chten.\n<\/div>\n<p><\/p>","protected":false},"excerpt":{"rendered":"<p>We dance to survive, and the beat offers a yellow brick road to make it through the chaos that is the tempo of our times. We dance to shed skins, tear off masks, crack molds, and experience the breakdown \u2013 the shattering of borders between body, heart and mind, between genders and generations, between nations [&hellip;]<\/p>\n","protected":false},"author":2,"featured_media":0,"parent":233,"menu_order":0,"comment_status":"closed","ping_status":"closed","template":"","meta":{"footnotes":""},"class_list":["post-406","page","type-page","status-publish","hentry"],"_links":{"self":[{"href":"https:\/\/www.juliawolfermann.com\/de\/wp-json\/wp\/v2\/pages\/406","targetHints":{"allow":["GET"]}}],"collection":[{"href":"https:\/\/www.juliawolfermann.com\/de\/wp-json\/wp\/v2\/pages"}],"about":[{"href":"https:\/\/www.juliawolfermann.com\/de\/wp-json\/wp\/v2\/types\/page"}],"author":[{"embeddable":true,"href":"https:\/\/www.juliawolfermann.com\/de\/wp-json\/wp\/v2\/users\/2"}],"replies":[{"embeddable":true,"href":"https:\/\/www.juliawolfermann.com\/de\/wp-json\/wp\/v2\/comments?post=406"}],"version-history":[{"count":9,"href":"https:\/\/www.juliawolfermann.com\/de\/wp-json\/wp\/v2\/pages\/406\/revisions"}],"predecessor-version":[{"id":684,"href":"https:\/\/www.juliawolfermann.com\/de\/wp-json\/wp\/v2\/pages\/406\/revisions\/684"}],"up":[{"embeddable":true,"href":"https:\/\/www.juliawolfermann.com\/de\/wp-json\/wp\/v2\/pages\/233"}],"wp:attachment":[{"href":"https:\/\/www.juliawolfermann.com\/de\/wp-json\/wp\/v2\/media?parent=406"}],"curies":[{"name":"wp","href":"https:\/\/api.w.org\/{rel}","templated":true}]}}