{"id":245,"date":"2017-03-29T16:25:59","date_gmt":"2017-03-29T15:25:59","guid":{"rendered":"http:\/\/localhost\/wordpress\/?page_id=245"},"modified":"2017-12-14T14:38:40","modified_gmt":"2017-12-14T13:38:40","slug":"resume","status":"publish","type":"page","link":"https:\/\/www.juliawolfermann.com\/de\/preformer\/resume\/","title":{"rendered":"Resume"},"content":{"rendered":"<p><\/p>\n<h3 style=\"text-align:center;\">THEATER<\/h3>\n<table class=\"resume-tb\">\n<tbody>\n<tr>\n<td>A Streetcar Named Desire<\/td>\n<td>Stella (Lead)<\/td>\n<td>Cherry Pit Theatre, Austin Pendleton &#038; Brian Lady<\/td>\n<\/tr>\n<tr>\n<td>Mr. Puntila And His Man Matti (Brecht)<\/td>\n<td>Eva (Lead)<\/td>\n<td>Rasa A. Kagas, HBPW Theatre<\/td>\n<\/tr>\n<tr>\n<td>Uncle Vanya<\/td>\n<td>Yelena (Lead)<\/td>\n<td>Abington Theatre<\/td>\n<\/tr>\n<tr>\n<td>The Passion Play (Musical)<\/td>\n<td>Witness<\/td>\n<td>Park Performing Arts Theatre, NJ<\/td>\n<\/tr>\n<tr>\n<td>Lady w. a LaPdog&#8230;HaPPY Ending<\/td>\n<td>Actress, Varya<\/td>\n<td>Aleksey Burago, HBPW Theatre<\/td>\n<\/tr>\n<tr>\n<td>Valapariso<\/td>\n<td>Flight Attendanat<\/td>\n<td>Rasa A. Kazlas HBPW Theatre<\/td>\n<\/tr>\n<tr>\n<td>How to Speak Woman<\/td>\n<td>Tabitha<\/td>\n<td>National Comedy Theatre<\/td>\n<\/tr>\n<tr>\n<td>What of the Night &#8211; Springtime<\/td>\n<td>Greta (Lead)<\/td>\n<td>HB Studio Ensemble Preformance<\/td>\n<\/tr>\n<tr>\n<td>Half in Love<\/td>\n<td>Gwen (Lead)<\/td>\n<td>HB Studio Ensemble Preformance<\/td>\n<\/tr>\n<tr>\n<td>Songs, Dance &#038; Shakespeare<\/td>\n<td>Sonnet 18, 102, Swedish folk Songs<\/td>\n<td>Social Project in NYC<\/td>\n<\/tr>\n<tr>\n<td>Sister Act (musical)<\/td>\n<td>Sister Mary Lazarus, Bar lady<\/td>\n<td>Margit Minelli, Goethe-Theatre, GER<\/td>\n<\/tr>\n<tr>\n<td>Girls, Girls, Girls (musical)<\/td>\n<td>Emma (Lead)<\/td>\n<td>Margit Minelli, Goethe-Theatre, GER<\/td>\n<\/tr>\n<\/tbody>\n<\/table>\n<h3 style=\"text-align: center;\">FILM<\/h3>\n<table class=\"resume-tb\">\n<tbody>\n<tr>\n<td>The Family Secret<\/td>\n<td>Interview &#038; Scientist (Lead) Julia<\/td>\n<td>Amy Greber, Flatcoatfilms Productions<\/td>\n<\/tr>\n<tr>\n<td>The Acceptance<\/td>\n<td>Julia<\/td>\n<td>3 stone Pictures, Yogesh Khubchandani<\/td>\n<\/tr>\n<tr>\n<td>Jukka<\/td>\n<td>Subway Woman<\/td>\n<td>Emanuel Trousse, NYFA (2 Audience Awards)<\/td>\n<\/tr>\n<tr>\n<td>Heaven Ain&#8217;t Easy Passage<\/td>\n<td>Angel Dancer and Preformer (Lead)<\/td>\n<td>Earthandaura Arts, Kristin Wynn<\/td>\n<\/tr>\n<tr>\n<td>Emptiness<\/td>\n<td>Sarah (Lead)<\/td>\n<td>Isilay Yanbas<\/td>\n<\/tr>\n<\/tbody>\n<\/table>\n<h3 style=\"text-align: center;\">OTHER PREFORMING EXPERIENCE &#8211; SONSTIGES<\/h3>\n<table class=\"resume-tb\">\n<tbody>\n<tr>\n<td>FENDI<\/td>\n<td>Commercial Voice-Over<\/td>\n<td>Creative Media Design<\/td>\n<\/tr>\n<tr>\n<td>Rosseta Stone<\/td>\n<td>Film Commercial<\/td>\n<td>Erik Lu, Descendant Films<\/td>\n<\/tr>\n<tr>\n<td>Crate &#038; Barrel<\/td>\n<td>Print Commercial<\/td>\n<td>New York City<\/td>\n<\/tr>\n<tr>\n<td>Kinetic State<\/td>\n<td>Guide &#038; Impro Dancer<\/td>\n<td>Gabrielle Roth, 5Rythms Reach Out, NYC<\/td>\n<\/tr>\n<tr>\n<td>The Center<\/td>\n<td>Craving Mother<\/td>\n<td>Essentia Productions<\/td>\n<\/tr>\n<tr>\n<td>Phillips<\/td>\n<td>Commercial Voiceover<\/td>\n<td>1destinyproductions<\/td>\n<\/tr>\n<tr>\n<td>Amazon<\/td>\n<td>Voiceover<\/td>\n<td>1destinyproductions<\/td>\n<\/tr>\n<tr>\n<td>The last Patient<\/td>\n<td>Voiceover<\/td>\n<td>Independent Short Film, Eun-ah Lee, World Trip<\/td>\n<\/tr>\n<\/tbody>\n<\/table>\n<h3 style=\"text-align: center;\">SPECIAL SKILLS &#8211; BESONDERE KENNTNISSE<\/h3>\n<p>Dance (5 Rhythms, Tap, Ballroom), Yoga, Meditation, Skiing, Basket, Re-Skating, Stage Fencing, Stage Combat;<br \/>\nVocal Range: Soprano, Mezzo-Soprano; Languages: German (native), English (fluent), Italian (conversational);<br \/>\nDialects: Gene. American, German (Eastern, Southern &#038; Western), French, Italian, Russian;<br \/>\nGraphic Design; Photography;<br \/>\nCertified 5Rhythms Teacher<\/p>\n<h3 style=\"text-align: center;\">TRAINING<\/h3>\n<table class=\"resume-tb\">\n<tbody>\n<tr>\n<td>Method Training\/Acting<\/td>\n<td>David Gideon, The Acting Class, NYC\/Austin Pandleton<\/td>\n<\/tr>\n<tr>\n<td>Shakespeare<\/td>\n<td>George Bartenieff\/John McManus<\/td>\n<\/tr>\n<tr>\n<td>Musical Theatre &#038; Singing<\/td>\n<td>Donna McKechnie\/Gudrun B\u00fchler<\/td>\n<\/tr>\n<tr>\n<td>Speech (IPA) Major Speech Dialects<\/td>\n<td>Amanda Quaid<\/td>\n<\/tr>\n<tr>\n<td>Movment, Dance &#038; Ritual Theatre<\/td>\n<td>Gabrielle Roth &#038; Jonathan Horan &#8211; 5Rhythms, NYC<\/td>\n<\/tr>\n<\/tbody>\n<\/table>\n<h3 style=\"text-align: center;\">MEMBER OF THE HB STUDIO ENSEMBLE HB ENSEMBLEMITGLIED SEIT 2008<\/h3>\n<table class=\"resume-tb\">\n<tbody>\n<tr>\n<td>Hair &#8211; Haarfarbe<\/td>\n<td>Light Brown &#8211; Dunkelblond<\/td>\n<\/tr>\n<tr>\n<td>Eyes &#8211; Augenfarbe<\/td>\n<td>Blue &#8211; Blau<\/td>\n<\/tr>\n<tr>\n<td>Height &#8211; K\u00f6rpergr\u00f6\u00dfe<\/td>\n<td>5&#8217;5 &#8211; 1,65m<\/td>\n<\/tr>\n<tr>\n<td>Size &#8211; Kleidergr\u00f6\u00dfe<\/td>\n<td>4 &#8211; 36<\/td>\n<\/tr>\n<\/tbody>\n<\/table>\n<p>\t\t\t\t\t\t<\/p>","protected":false},"excerpt":{"rendered":"<p>THEATER A Streetcar Named Desire Stella (Lead) Cherry Pit Theatre, Austin Pendleton &#038; Brian Lady Mr. Puntila And His Man Matti (Brecht) Eva (Lead) Rasa A. Kagas, HBPW Theatre Uncle Vanya Yelena (Lead) Abington Theatre The Passion Play (Musical) Witness Park Performing Arts Theatre, NJ Lady w. a LaPdog&#8230;HaPPY Ending Actress, Varya Aleksey Burago, HBPW [&hellip;]<\/p>\n","protected":false},"author":2,"featured_media":0,"parent":235,"menu_order":0,"comment_status":"closed","ping_status":"closed","template":"","meta":{"footnotes":""},"class_list":["post-245","page","type-page","status-publish","hentry"],"_links":{"self":[{"href":"https:\/\/www.juliawolfermann.com\/de\/wp-json\/wp\/v2\/pages\/245","targetHints":{"allow":["GET"]}}],"collection":[{"href":"https:\/\/www.juliawolfermann.com\/de\/wp-json\/wp\/v2\/pages"}],"about":[{"href":"https:\/\/www.juliawolfermann.com\/de\/wp-json\/wp\/v2\/types\/page"}],"author":[{"embeddable":true,"href":"https:\/\/www.juliawolfermann.com\/de\/wp-json\/wp\/v2\/users\/2"}],"replies":[{"embeddable":true,"href":"https:\/\/www.juliawolfermann.com\/de\/wp-json\/wp\/v2\/comments?post=245"}],"version-history":[{"count":13,"href":"https:\/\/www.juliawolfermann.com\/de\/wp-json\/wp\/v2\/pages\/245\/revisions"}],"predecessor-version":[{"id":610,"href":"https:\/\/www.juliawolfermann.com\/de\/wp-json\/wp\/v2\/pages\/245\/revisions\/610"}],"up":[{"embeddable":true,"href":"https:\/\/www.juliawolfermann.com\/de\/wp-json\/wp\/v2\/pages\/235"}],"wp:attachment":[{"href":"https:\/\/www.juliawolfermann.com\/de\/wp-json\/wp\/v2\/media?parent=245"}],"curies":[{"name":"wp","href":"https:\/\/api.w.org\/{rel}","templated":true}]}}