{"id":230,"date":"2017-03-29T16:21:09","date_gmt":"2017-03-29T15:21:09","guid":{"rendered":"http:\/\/localhost\/wordpress\/?page_id=230"},"modified":"2023-04-29T20:23:11","modified_gmt":"2023-04-29T19:23:11","slug":"home-page","status":"publish","type":"page","link":"https:\/\/www.juliawolfermann.com\/de\/","title":{"rendered":"Home"},"content":{"rendered":"<div class=\"wpb-content-wrapper\"><p>[vc_row][vc_column width=&#8220;1\/2&#8243;][vc_column_text css_animation=&#8220;flipInX&#8220;]<\/p>\n<div class=\"front-left\">\n<div class=\"pulse\"><img loading=\"lazy\" decoding=\"async\" class=\"alignnone size-full wp-image-699\" src=\"http:\/\/www.juliawolfermann.com\/wp-content\/uploads\/2018\/07\/2018-07-30.png\" alt=\"\" width=\"501\" height=\"462\" srcset=\"https:\/\/www.juliawolfermann.com\/wp-content\/uploads\/2018\/07\/2018-07-30.png 501w, https:\/\/www.juliawolfermann.com\/wp-content\/uploads\/2018\/07\/2018-07-30-300x277.png 300w, https:\/\/www.juliawolfermann.com\/wp-content\/uploads\/2018\/07\/2018-07-30-363x335.png 363w\" sizes=\"auto, (max-width: 501px) 100vw, 501px\" \/><\/div>\n<\/div>\n<p>[\/vc_column_text][vc_column_text css_animation=&#8220;flipInY&#8220;]<\/p>\n<div class=\"front-hold\">\n<h3><a href=\"teacher\">Tanz und Bewegungsmeditation<\/a><\/h3>\n<p><a href=\"teacher\">Leben steht f\u00fcr Bewegung und st\u00e4ndigen Wandel. Wie k\u00f6nnen wir unsere Einzigartigkeit \u00fcber den K\u00f6rper ausdr\u00fccken? Wie k\u00f6nnen wir uns durch Bewegung und Tanz energetisieren? Wie k\u00f6nnen wir ein Gef\u00fchl der Einheit erleben?<\/a><\/p>\n<p class=\"enter-here\"><a href=\"teacher\">Bitte<br \/>\nhierhin<br \/>\nklicken<\/a><\/p>\n<\/div>\n<p>[\/vc_column_text][\/vc_column][vc_column width=&#8220;1\/2&#8243;][vc_column_text css_animation=&#8220;flipInX&#8220;]<\/p>\n<div class=\"front-right\">\n<div class=\"pulse\"><img loading=\"lazy\" decoding=\"async\" class=\"alignnone size-full wp-image-274\" src=\"http:\/\/www.juliawolfermann.com.php56-17.dfw3-1.websitetestlink.com\/wp-content\/uploads\/2017\/03\/preforming.png\" alt=\"\" width=\"470\" height=\"435\" srcset=\"https:\/\/www.juliawolfermann.com\/wp-content\/uploads\/2017\/03\/preforming.png 470w, https:\/\/www.juliawolfermann.com\/wp-content\/uploads\/2017\/03\/preforming-300x278.png 300w, https:\/\/www.juliawolfermann.com\/wp-content\/uploads\/2017\/03\/preforming-362x335.png 362w\" sizes=\"auto, (max-width: 470px) 100vw, 470px\" \/><\/div>\n<\/div>\n<p>[\/vc_column_text][vc_column_text css_animation=&#8220;flipInY&#8220;]<\/p>\n<div class=\"front-hold\">\n<h3><a href=\"preformer\">Darstellende K\u00fcnste<\/a><\/h3>\n<p><a href=\"preformer\">Eine Kunst, die im Ausdruck von K\u00f6rper, Stimme und Seele wohnt. Von Theater bis Film, Voice-Overs bis Modelling, ich liebe es, dort einen Funken zu entfachen, wo ich gerade sein und kreieren darf.<\/a><\/p>\n<p class=\"enter-here\"><a href=\"preformer\">Bitte<br \/>\nhierhin<br \/>\nklicken<\/a><\/p>\n<\/div>\n<p>[\/vc_column_text][\/vc_column][\/vc_row]<\/p>\n<\/div>","protected":false},"excerpt":{"rendered":"<p>[vc_row][vc_column width=&#8220;1\/2&#8243;][vc_column_text css_animation=&#8220;flipInX&#8220;] [\/vc_column_text][vc_column_text css_animation=&#8220;flipInY&#8220;] Tanz und Bewegungsmeditation Leben steht f\u00fcr Bewegung und st\u00e4ndigen Wandel. Wie k\u00f6nnen wir unsere Einzigartigkeit \u00fcber den K\u00f6rper ausdr\u00fccken? Wie k\u00f6nnen wir uns durch Bewegung und Tanz energetisieren? Wie k\u00f6nnen wir ein Gef\u00fchl der Einheit erleben? Bitte hierhin klicken [\/vc_column_text][\/vc_column][vc_column width=&#8220;1\/2&#8243;][vc_column_text css_animation=&#8220;flipInX&#8220;] [\/vc_column_text][vc_column_text css_animation=&#8220;flipInY&#8220;] Darstellende K\u00fcnste Eine Kunst, die im [&hellip;]<\/p>\n","protected":false},"author":2,"featured_media":0,"parent":0,"menu_order":0,"comment_status":"closed","ping_status":"closed","template":"","meta":{"footnotes":""},"class_list":["post-230","page","type-page","status-publish","hentry"],"_links":{"self":[{"href":"https:\/\/www.juliawolfermann.com\/de\/wp-json\/wp\/v2\/pages\/230","targetHints":{"allow":["GET"]}}],"collection":[{"href":"https:\/\/www.juliawolfermann.com\/de\/wp-json\/wp\/v2\/pages"}],"about":[{"href":"https:\/\/www.juliawolfermann.com\/de\/wp-json\/wp\/v2\/types\/page"}],"author":[{"embeddable":true,"href":"https:\/\/www.juliawolfermann.com\/de\/wp-json\/wp\/v2\/users\/2"}],"replies":[{"embeddable":true,"href":"https:\/\/www.juliawolfermann.com\/de\/wp-json\/wp\/v2\/comments?post=230"}],"version-history":[{"count":48,"href":"https:\/\/www.juliawolfermann.com\/de\/wp-json\/wp\/v2\/pages\/230\/revisions"}],"predecessor-version":[{"id":760,"href":"https:\/\/www.juliawolfermann.com\/de\/wp-json\/wp\/v2\/pages\/230\/revisions\/760"}],"wp:attachment":[{"href":"https:\/\/www.juliawolfermann.com\/de\/wp-json\/wp\/v2\/media?parent=230"}],"curies":[{"name":"wp","href":"https:\/\/api.w.org\/{rel}","templated":true}]}}